{"id":5310,"date":"2026-02-15T12:14:45","date_gmt":"2026-02-15T12:14:45","guid":{"rendered":"https:\/\/products.biocyclegrow.cz\/?page_id=5310"},"modified":"2026-02-15T16:06:26","modified_gmt":"2026-02-15T16:06:26","slug":"kompletni-specifikace","status":"publish","type":"page","link":"https:\/\/products.biocyclegrow.cz\/en\/kompletni-specifikace\/","title":{"rendered":"Kompletn\u00ed specifikace pokojovka"},"content":{"rendered":"<p>[et_pb_section fb_built=&#8220;1&#8243; fullwidth=&#8220;on&#8220; disabled_on=&#8220;on|off|off&#8220; _builder_version=&#8220;4.27.5&#8243; background_image=&#8220;https:\/\/products.biocyclegrow.cz\/wp-content\/uploads\/2026\/02\/Banner_HI_specifikace-scaled.jpeg&#8220; min_height_tablet=&#8220;&#8220; min_height_phone=&#8220;&#8220; min_height_last_edited=&#8220;on|desktop&#8220; height=&#8220;900px&#8220; height_tablet=&#8220;900px&#8220; height_phone=&#8220;900px&#8220; height_last_edited=&#8220;on|desktop&#8220; custom_padding=&#8220;416px||416px||true|&#8220; animation_style=&#8220;slide&#8220; animation_direction=&#8220;top&#8220; animation_intensity_slide=&#8220;2%&#8220; animation_starting_opacity=&#8220;100%&#8220; background_last_edited=&#8220;on|phone&#8220; background_image_phone=&#8220;https:\/\/products.biocyclegrow.cz\/wp-content\/uploads\/2026\/02\/image-15.jpg&#8220; background_enable_image_phone=&#8220;on&#8220; background_size_phone=&#8220;contain&#8220; global_colors_info=&#8220;{}&#8220;][\/et_pb_section][et_pb_section fb_built=&#8220;1&#8243; theme_builder_area=&#8220;post_content&#8220; _builder_version=&#8220;4.27.5&#8243; _module_preset=&#8220;default&#8220; title_text=&#8220;image (15)&#8220; background_image=&#8220;https:\/\/products.biocyclegrow.cz\/wp-content\/uploads\/2026\/02\/image-15.jpg&#8220; background_last_edited=&#8220;on|phone&#8220; hover_enabled=&#8220;0&#8243; sticky_enabled=&#8220;0&#8243; disabled_on=&#8220;off|on|on&#8220; custom_margin=&#8220;0px||||false|false&#8220;][et_pb_row _builder_version=&#8220;4.27.5&#8243; _module_preset=&#8220;default&#8220; theme_builder_area=&#8220;post_content&#8220;][et_pb_column _builder_version=&#8220;4.27.5&#8243; _module_preset=&#8220;default&#8220; type=&#8220;4_4&#8243; theme_builder_area=&#8220;post_content&#8220;][\/et_pb_column][\/et_pb_row][\/et_pb_section][et_pb_section fb_built=&#8220;1&#8243; admin_label=&#8220;Our Story Section&#8220; _builder_version=&#8220;4.27.5&#8243; use_background_color_gradient=&#8220;on&#8220; background_color_gradient_direction=&#8220;90deg&#8220; background_color_gradient_stops=&#8220;#090909 19%|#5c5c5c 100%&#8220; custom_padding=&#8220;21px||0px|||&#8220; global_colors_info=&#8220;{}&#8220;][et_pb_row _builder_version=&#8220;4.27.5&#8243; _module_preset=&#8220;default&#8220; custom_padding=&#8220;0px||22px|||&#8220; global_colors_info=&#8220;{}&#8220;][et_pb_column type=&#8220;4_4&#8243; _builder_version=&#8220;4.27.5&#8243; _module_preset=&#8220;default&#8220; global_colors_info=&#8220;{}&#8220;][et_pb_heading title=&#8220;Kompletn\u00ed specifikace&#8220; _builder_version=&#8220;4.27.5&#8243; _module_preset=&#8220;default&#8220; title_font=&#8220;vener||||||||&#8220; title_text_align=&#8220;center&#8220; title_text_color=&#8220;#FFFFFF&#8220; title_font_size=&#8220;100px&#8220; title_font_size_tablet=&#8220;80px&#8220; title_font_size_phone=&#8220;48px&#8220; title_font_size_last_edited=&#8220;on|desktop&#8220; global_colors_info=&#8220;{}&#8220;][\/et_pb_heading][et_pb_text _builder_version=&#8220;4.27.5&#8243; _module_preset=&#8220;default&#8220; text_font=&#8220;Kanit|300|||||||&#8220; text_text_color=&#8220;#FFFFFF&#8220; text_font_size=&#8220;20px&#8220; global_colors_info=&#8220;{}&#8220;]<\/p>\n<p><span>Tento inovativn\u00ed produkt p\u0159ich\u00e1z\u00ed na trh d\u00edky mal\u00e9 \u010desk\u00e9 firm\u011b Biocycle Grow, kter\u00e1 se py\u0161n\u00ed t\u00edm, \u017ee jako jedin\u00e1 v \u010cR (a 2. na sv\u011bt\u011b) p\u0159in\u00e1\u0161\u00ed p\u011bstitel\u016fm\u00a0<b>karbochar<\/b>\u00a0&#8211; netoxick\u00fd vysoce por\u00e9zn\u00ed materi\u00e1l vyroben\u00fd pyrol\u00fdzou z odpadn\u00edho kalu. P\u016fdn\u00ed vitam\u00edny TURBO! vznikaj\u00ed upcyklac\u00ed odpadu z \u010dist\u00edren a maj\u00ed skv\u011bl\u00e9 laboratorn\u00ed v\u00fdsledky v podpo\u0159e r\u016fstu rostlin a kultivaci p\u016fdn\u00edho mikrobiomu.<\/span><\/p>\n<p><strong>Jak\u00e9 v\u00fdhody p\u0159in\u00e1\u0161\u00ed p\u016fdn\u00ed vitam\u00edny TURBO! va\u0161im pokojovk\u00e1m?<\/strong><\/p>\n<ul>\n<li aria-level=\"1\"><span>Zadr\u017euj\u00ed vodu v p\u016fd\u011b, \u010d\u00edm\u017e pom\u00e1haj\u00ed rostlin\u00e1m odol\u00e1vat suchu.<\/span><\/li>\n<li aria-level=\"1\"><span>Zlep\u0161uj\u00ed vyu\u017eit\u00ed \u017eivin a podporuj\u00ed siln\u00fd a zdrav\u00fd r\u016fst rostlin.<\/span><\/li>\n<li aria-level=\"1\"><span>Pom\u00e1haj\u00ed sni\u017eovat emise CO\u2082 a neobsahuj\u00ed mikroplasty ani dal\u0161\u00ed polutanty.<\/span><\/li>\n<li aria-level=\"1\"><span>Odstra\u0148uj\u00ed z\u00e1pach a snadno se pou\u017e\u00edvaj\u00ed.<\/span><\/li>\n<\/ul>\n<p><span>P\u016fdn\u00ed vitam\u00edny TURBO! jsou unik\u00e1tn\u00ed v tom, \u017ee\u00a0<b>dod\u00e1vaj\u00ed pokojovk\u00e1m \u017eiviny postupn\u011b<\/b>, \u010d\u00edm\u017e sni\u017euj\u00ed pot\u0159ebu \u010dast\u00e9ho hnojen\u00ed. Doporu\u010den\u00e1 aplikace je 3x ro\u010dn\u011b (jaro, l\u00e9to, podzim).<\/span><\/p>\n<p><span>TURBO! obsahuje: fosfor 4 %, uhl\u00edk 20 %, \u017eelezo 5%,\u00a0 v\u00e1pn\u00edk 5 %, magnesium 1 %, drasl\u00edk 0,3 %.<\/span><\/p>\n<p><span>P\u016fdn\u00ed vitam\u00edny TURBO! jsou\u00a0<b>z\u00e1sadit\u00e9<\/b>, proto nejsou vhodn\u00e9 pro kyselomiln\u00e9 rostliny.<\/span><\/p>\n<p><span><\/span><\/p>\n<p><span><strong>Produktov\u00fd list:\u00a0<\/strong> <a href=\"https:\/\/products.biocyclegrow.cz\/wp-content\/uploads\/2026\/02\/ps_4240BCG_Pokojovky_produktovy-list.pdf\" target=\"_blank\" rel=\"noopener\">St\u00e1hnout<\/a><\/span><\/p>\n<p>[\/et_pb_text][et_pb_image src=&#8220;https:\/\/products.biocyclegrow.cz\/wp-content\/uploads\/2026\/02\/vyrp12_4240Davkovani-a-pouziti-pokojovky-1.png&#8220; title_text=&#8220;_vyrp12_4240Davkovani-a-pouziti-pokojovky (1)&#8220; _builder_version=&#8220;4.27.5&#8243; _module_preset=&#8220;default&#8220; hover_enabled=&#8220;0&#8243; global_colors_info=&#8220;{}&#8220; show_in_lightbox=&#8220;on&#8220; sticky_enabled=&#8220;0&#8243;][\/et_pb_image][et_pb_video src=&#8220;https:\/\/www.youtube.com\/watch?v=NQHR_GViCf4&#8243; image_src=&#8220;https:\/\/products.biocyclegrow.cz\/wp-content\/uploads\/2026\/02\/cover_pokojovky.png&#8220; _builder_version=&#8220;4.27.5&#8243; _module_preset=&#8220;default&#8220; global_colors_info=&#8220;{}&#8220;][\/et_pb_video][\/et_pb_column][\/et_pb_row][\/et_pb_section]<\/p>\n","protected":false},"excerpt":{"rendered":"<p>Tento inovativn\u00ed produkt p\u0159ich\u00e1z\u00ed na trh d\u00edky mal\u00e9 \u010desk\u00e9 firm\u011b Biocycle Grow, kter\u00e1 se py\u0161n\u00ed t\u00edm, \u017ee jako jedin\u00e1 v \u010cR (a 2. na sv\u011bt\u011b) p\u0159in\u00e1\u0161\u00ed p\u011bstitel\u016fm\u00a0karbochar\u00a0&#8211; netoxick\u00fd vysoce por\u00e9zn\u00ed materi\u00e1l vyroben\u00fd pyrol\u00fdzou z odpadn\u00edho kalu. P\u016fdn\u00ed vitam\u00edny TURBO! vznikaj\u00ed upcyklac\u00ed odpadu z \u010dist\u00edren a maj\u00ed skv\u011bl\u00e9 laboratorn\u00ed v\u00fdsledky v podpo\u0159e r\u016fstu rostlin a kultivaci p\u016fdn\u00edho mikrobiomu. Jak\u00e9 v\u00fdhody p\u0159in\u00e1\u0161\u00ed p\u016fdn\u00ed vitam\u00edny TURBO! va\u0161im pokojovk\u00e1m? Zadr\u017euj\u00ed vodu v p\u016fd\u011b, \u010d\u00edm\u017e pom\u00e1haj\u00ed rostlin\u00e1m odol\u00e1vat suchu. Zlep\u0161uj\u00ed vyu\u017eit\u00ed \u017eivin a podporuj\u00ed siln\u00fd a zdrav\u00fd r\u016fst rostlin. Pom\u00e1haj\u00ed sni\u017eovat emise CO\u2082 a neobsahuj\u00ed mikroplasty ani dal\u0161\u00ed polutanty. Odstra\u0148uj\u00ed z\u00e1pach a snadno se pou\u017e\u00edvaj\u00ed. P\u016fdn\u00ed vitam\u00edny TURBO! jsou unik\u00e1tn\u00ed v tom, \u017ee\u00a0dod\u00e1vaj\u00ed pokojovk\u00e1m \u017eiviny postupn\u011b, \u010d\u00edm\u017e sni\u017euj\u00ed pot\u0159ebu \u010dast\u00e9ho hnojen\u00ed. Doporu\u010den\u00e1 aplikace je 3x ro\u010dn\u011b (jaro, l\u00e9to, podzim). TURBO! obsahuje: fosfor 4 %, uhl\u00edk 20 %, \u017eelezo 5%,\u00a0 v\u00e1pn\u00edk 5 %, magnesium 1 %, drasl\u00edk 0,3 %. P\u016fdn\u00ed vitam\u00edny TURBO! jsou\u00a0z\u00e1sadit\u00e9, proto nejsou vhodn\u00e9 pro kyselomiln\u00e9 rostliny. Produktov\u00fd list:\u00a0 St\u00e1hnout<\/p>","protected":false},"author":1,"featured_media":0,"parent":0,"menu_order":0,"comment_status":"closed","ping_status":"closed","template":"","meta":{"_et_pb_use_builder":"on","_et_pb_old_content":"","_et_gb_content_width":"","footnotes":""},"class_list":["post-5310","page","type-page","status-publish","hentry"],"_links":{"self":[{"href":"https:\/\/products.biocyclegrow.cz\/en\/wp-json\/wp\/v2\/pages\/5310","targetHints":{"allow":["GET"]}}],"collection":[{"href":"https:\/\/products.biocyclegrow.cz\/en\/wp-json\/wp\/v2\/pages"}],"about":[{"href":"https:\/\/products.biocyclegrow.cz\/en\/wp-json\/wp\/v2\/types\/page"}],"author":[{"embeddable":true,"href":"https:\/\/products.biocyclegrow.cz\/en\/wp-json\/wp\/v2\/users\/1"}],"replies":[{"embeddable":true,"href":"https:\/\/products.biocyclegrow.cz\/en\/wp-json\/wp\/v2\/comments?post=5310"}],"version-history":[{"count":25,"href":"https:\/\/products.biocyclegrow.cz\/en\/wp-json\/wp\/v2\/pages\/5310\/revisions"}],"predecessor-version":[{"id":5405,"href":"https:\/\/products.biocyclegrow.cz\/en\/wp-json\/wp\/v2\/pages\/5310\/revisions\/5405"}],"wp:attachment":[{"href":"https:\/\/products.biocyclegrow.cz\/en\/wp-json\/wp\/v2\/media?parent=5310"}],"curies":[{"name":"wp","href":"https:\/\/api.w.org\/{rel}","templated":true}]}}